{"id":2,"date":"2023-01-25T12:32:10","date_gmt":"2023-01-25T12:32:10","guid":{"rendered":"https:\/\/lanchobeats.com\/?page_id=2"},"modified":"2025-12-11T09:49:10","modified_gmt":"2025-12-11T09:49:10","slug":"sample-page","status":"publish","type":"page","link":"https:\/\/lanchobeats.com\/index.php\/sample-page\/","title":{"rendered":"KITS"},"content":{"rendered":"\n<div class=\"wp-block-cover alignfull has-custom-content-position is-position-top-center\" style=\"margin-top:0;padding-top:5vw;padding-right:5vw;padding-bottom:5vw;padding-left:5vw\"><span aria-hidden=\"true\" class=\"wp-block-cover__background has-background-dim-100 has-background-dim\" style=\"background-color:#36220c\"><\/span><div class=\"wp-block-cover__inner-container is-layout-flow wp-block-cover-is-layout-flow\">\n<div class=\"wp-block-group is-content-justification-space-between is-layout-flex wp-container-core-group-is-layout-495512eb wp-block-group-is-layout-flex\">\n<div class=\"wp-block-cover has-custom-content-position is-position-top-right wp-container-content-ceb7f5b3\" style=\"padding-top:4vw;padding-right:4vw;padding-bottom:4vw;padding-left:4vw;min-height:75vh;aspect-ratio:unset;\"><img fetchpriority=\"high\" decoding=\"async\" width=\"819\" height=\"1024\" class=\"wp-block-cover__image-background wp-image-29 size-large\" alt=\"\" src=\"https:\/\/lanchobeats.com\/wp-content\/uploads\/2025\/12\/tokio-afterhours-image-819x1024.jpg\" data-object-fit=\"cover\" srcset=\"https:\/\/lanchobeats.com\/wp-content\/uploads\/2025\/12\/tokio-afterhours-image-819x1024.jpg 819w, https:\/\/lanchobeats.com\/wp-content\/uploads\/2025\/12\/tokio-afterhours-image-240x300.jpg 240w, https:\/\/lanchobeats.com\/wp-content\/uploads\/2025\/12\/tokio-afterhours-image-768x960.jpg 768w, https:\/\/lanchobeats.com\/wp-content\/uploads\/2025\/12\/tokio-afterhours-image.jpg 1080w\" sizes=\"(max-width: 819px) 100vw, 819px\" \/><span aria-hidden=\"true\" class=\"wp-block-cover__background has-background-dim\" style=\"background-color:#634274\"><\/span><div class=\"wp-block-cover__inner-container is-layout-flow wp-block-cover-is-layout-flow\">\n<div class=\"wp-block-group is-vertical is-content-justification-right is-nowrap is-layout-flex wp-container-core-group-is-layout-67854338 wp-block-group-is-layout-flex\">\n<p class=\"has-text-color\" style=\"color:#e5683a;font-size:clamp(65.143px, 4.071rem + ((1vw - 3.2px) * 8.506), 140px);font-style:normal;font-weight:800;letter-spacing:-6px;line-height:0.8;text-transform:uppercase\"><strong>Tokyo Afterhours<\/strong><\/p>\n<\/div>\n<\/div><\/div>\n\n\n\n<div class=\"wp-block-group wp-container-content-d387280b is-vertical is-nowrap is-layout-flex wp-container-core-group-is-layout-3cf04848 wp-block-group-is-layout-flex\">\n<p class=\"has-text-color\" style=\"color:#e59937;font-size:clamp(14px, 0.875rem + ((1vw - 3.2px) * 0.455), 18px);font-style:normal;font-weight:400;letter-spacing:0px;line-height:1.7\"><strong>Drum &amp; Melody Pack<\/strong> es una colecci\u00f3n creada para productores que buscan un sonido fresco, oscuro y atmosf\u00e9rico dentro del mundo <strong>trap, hip hop y la nueva ola alternativa<\/strong>. con una vibra inspirada en la est\u00e9tica atmosf\u00e9rica, experimental y llena de textura que caracteriza a artistas que suelen explorar espacios sonoros similares a los de figuras como <em>Travis Scott<\/em> o <em>Kanye West<\/em>.<\/p>\n\n\n\n<p class=\"has-text-color\" style=\"color:#e59937;font-size:clamp(14px, 0.875rem + ((1vw - 3.2px) * 0.455), 18px);font-style:normal;font-weight:400;letter-spacing:0px;line-height:1.7\"><\/p>\n\n\n\n<div class=\"wp-block-buttons is-content-justification-left is-nowrap is-layout-flex wp-container-core-buttons-is-layout-fc9f69e7 wp-block-buttons-is-layout-flex\">\n<div class=\"wp-block-button is-style-outline is-style-outline--1\"><a class=\"wp-block-button__link has-text-color has-custom-font-size wp-element-button\" style=\"border-radius:0px;color:#e59937;padding-top:16px;padding-right:32px;padding-bottom:16px;padding-left:32px;font-size:clamp(14px, 0.875rem + ((1vw - 3.2px) * 0.227), 16px);font-style:normal;font-weight:700;letter-spacing:0px;text-transform:uppercase\">Escuchar ahora<\/a><\/div>\n<\/div>\n\n\n\n<div style=\"height:0px\" aria-hidden=\"true\" class=\"wp-block-spacer wp-container-content-85b6a097\"><\/div>\n<\/div>\n\n\n\n<figure class=\"wp-block-image size-large\"><img decoding=\"async\" width=\"819\" height=\"1024\" src=\"https:\/\/lanchobeats.com\/wp-content\/uploads\/2025\/12\/tokio-afterhours-image-1-819x1024.jpg\" alt=\"\" class=\"wp-image-30\" srcset=\"https:\/\/lanchobeats.com\/wp-content\/uploads\/2025\/12\/tokio-afterhours-image-1-819x1024.jpg 819w, https:\/\/lanchobeats.com\/wp-content\/uploads\/2025\/12\/tokio-afterhours-image-1-240x300.jpg 240w, https:\/\/lanchobeats.com\/wp-content\/uploads\/2025\/12\/tokio-afterhours-image-1-768x960.jpg 768w, https:\/\/lanchobeats.com\/wp-content\/uploads\/2025\/12\/tokio-afterhours-image-1.jpg 1080w\" sizes=\"(max-width: 819px) 100vw, 819px\" \/><\/figure>\n<\/div>\n<\/div><\/div>\n\n\n\n<div class=\"wp-block-cover alignfull has-custom-content-position is-position-top-center\" style=\"margin-top:0;padding-top:5vw;padding-right:5vw;padding-bottom:5vw;padding-left:5vw\"><span aria-hidden=\"true\" class=\"wp-block-cover__background has-background-dim-100 has-background-dim\" style=\"background-color:#36220c\"><\/span><div class=\"wp-block-cover__inner-container is-layout-flow wp-block-cover-is-layout-flow\">\n<div class=\"wp-block-group is-content-justification-space-between is-layout-flex wp-container-core-group-is-layout-495512eb wp-block-group-is-layout-flex\">\n<div class=\"wp-block-cover is-light has-custom-content-position is-position-top-right wp-container-content-ceb7f5b3 wp-duotone-rgb137750-rgb210210210-2\" style=\"padding-top:4vw;padding-right:4vw;padding-bottom:4vw;padding-left:4vw;min-height:75vh;aspect-ratio:unset;\"><img decoding=\"async\" class=\"wp-block-cover__image-background wp-image-334\" alt=\"\" src=\"https:\/\/pd.w.org\/2023\/04\/654642d52f20d6367.57324872.jpg\" data-object-fit=\"cover\"\/><span aria-hidden=\"true\" class=\"wp-block-cover__background has-background-dim\"><\/span><div class=\"wp-block-cover__inner-container is-layout-flow wp-block-cover-is-layout-flow\">\n<div class=\"wp-block-group is-vertical is-content-justification-right is-nowrap is-layout-flex wp-container-core-group-is-layout-67854338 wp-block-group-is-layout-flex\">\n<p class=\"has-text-color\" style=\"color:#e5683a;font-size:clamp(65.143px, 4.071rem + ((1vw - 3.2px) * 8.506), 140px);font-style:normal;font-weight:800;letter-spacing:-6px;line-height:0.8;text-transform:uppercase\">Wardell<\/p>\n\n\n\n<p class=\"has-text-color\" style=\"color:#e5683a;font-size:clamp(61.532px, 3.846rem + ((1vw - 3.2px) * 7.78), 130px);font-style:normal;font-weight:800;letter-spacing:-6px;line-height:0.8;text-transform:uppercase\">gris<\/p>\n\n\n\n<p class=\"has-text-align-center has-text-color\" style=\"color:#d09c9c;font-size:clamp(46.18px, 2.886rem + ((1vw - 3.2px) * 4.98), 90px);font-style:normal;font-weight:800;letter-spacing:0px;line-height:1;text-transform:uppercase\">Plays<\/p>\n\n\n\n<p class=\"has-text-align-center has-text-color\" style=\"color:#e59937;font-size:clamp(46.18px, 2.886rem + ((1vw - 3.2px) * 4.98), 90px);font-style:normal;font-weight:800;letter-spacing:0px;line-height:0.8;text-transform:uppercase\">Bebop &amp;<\/p>\n\n\n\n<p class=\"has-text-align-center has-text-color\" style=\"color:#e59937;font-size:clamp(46.18px, 2.886rem + ((1vw - 3.2px) * 4.98), 90px);font-style:normal;font-weight:800;letter-spacing:0px;line-height:1;text-transform:uppercase\">SWING<\/p>\n<\/div>\n<\/div><\/div>\n\n\n\n<div class=\"wp-block-group wp-container-content-d387280b is-vertical is-nowrap is-layout-flex wp-container-core-group-is-layout-3cf04848 wp-block-group-is-layout-flex\">\n<p class=\"has-text-color\" style=\"color:#e59937;font-size:clamp(14px, 0.875rem + ((1vw - 3.2px) * 0.455), 18px);font-style:normal;font-weight:400;letter-spacing:0px;line-height:1.7\">Wardell Gray naci\u00f3 en Oklahoma City, el menor de cuatro hermanos. Pas\u00f3 los primeros a\u00f1os de su infancia en Oklahoma, antes de trasladarse con su familia a Detroit en 1929. <\/p>\n\n\n\n<p class=\"has-text-color\" style=\"color:#e59937;font-size:clamp(14px, 0.875rem + ((1vw - 3.2px) * 0.455), 18px);font-style:normal;font-weight:400;letter-spacing:0px;line-height:1.7\">A principios de 1935, Gray empez\u00f3 a asistir al instituto Northeastern High School, y luego se traslad\u00f3 al instituto Cass Technical High School, que destaca por tener como antiguos alumnos a Donald Byrd, Lucky Thompson y Al McKibbon. <\/p>\n\n\n\n<div class=\"wp-block-buttons is-content-justification-left is-nowrap is-layout-flex wp-container-core-buttons-is-layout-fc9f69e7 wp-block-buttons-is-layout-flex\">\n<div class=\"wp-block-button is-style-outline is-style-outline--3\"><a class=\"wp-block-button__link has-text-color has-custom-font-size wp-element-button\" style=\"border-radius:0px;color:#e59937;padding-top:16px;padding-right:32px;padding-bottom:16px;padding-left:32px;font-size:clamp(14px, 0.875rem + ((1vw - 3.2px) * 0.227), 16px);font-style:normal;font-weight:700;letter-spacing:0px;text-transform:uppercase\">Escuchar ahora<\/a><\/div>\n<\/div>\n\n\n\n<div style=\"height:0px\" aria-hidden=\"true\" class=\"wp-block-spacer wp-container-content-85b6a097\"><\/div>\n<\/div>\n<\/div>\n<\/div><\/div>\n","protected":false},"excerpt":{"rendered":"","protected":false},"author":1,"featured_media":0,"parent":0,"menu_order":0,"comment_status":"closed","ping_status":"open","template":"","meta":{"footnotes":""},"class_list":["post-2","page","type-page","status-publish","hentry"],"_links":{"self":[{"href":"https:\/\/lanchobeats.com\/index.php\/wp-json\/wp\/v2\/pages\/2","targetHints":{"allow":["GET"]}}],"collection":[{"href":"https:\/\/lanchobeats.com\/index.php\/wp-json\/wp\/v2\/pages"}],"about":[{"href":"https:\/\/lanchobeats.com\/index.php\/wp-json\/wp\/v2\/types\/page"}],"author":[{"embeddable":true,"href":"https:\/\/lanchobeats.com\/index.php\/wp-json\/wp\/v2\/users\/1"}],"replies":[{"embeddable":true,"href":"https:\/\/lanchobeats.com\/index.php\/wp-json\/wp\/v2\/comments?post=2"}],"version-history":[{"count":1,"href":"https:\/\/lanchobeats.com\/index.php\/wp-json\/wp\/v2\/pages\/2\/revisions"}],"predecessor-version":[{"id":31,"href":"https:\/\/lanchobeats.com\/index.php\/wp-json\/wp\/v2\/pages\/2\/revisions\/31"}],"wp:attachment":[{"href":"https:\/\/lanchobeats.com\/index.php\/wp-json\/wp\/v2\/media?parent=2"}],"curies":[{"name":"wp","href":"https:\/\/api.w.org\/{rel}","templated":true}]}}